{"id":2541,"date":"2023-03-27T14:33:41","date_gmt":"2023-03-27T12:33:41","guid":{"rendered":"https:\/\/www.tvprotext.sk\/?product=gelove-pero-10-farieb-metallic-luma"},"modified":"2024-10-05T01:16:21","modified_gmt":"2024-10-04T23:16:21","slug":"gelove-pero-10-farieb-metallic-luma","status":"publish","type":"product","link":"https:\/\/www.tvprotext.sk\/?product=gelove-pero-10-farieb-metallic-luma","title":{"rendered":"G\u00e9lov\u00e9 pero 10 farieb METALLIC, LUMA"},"content":{"rendered":"","protected":false},"excerpt":{"rendered":"<p>&#8211; hladk\u00e9 p\u00edsanie- METALLIC g\u00e9lov\u00e1 n\u00e1pl\u0148- \u0161\u00edrka stopy 0,5 mm- netoxick\u00e9- prieh\u013eadn\u00e9 telo s uz\u00e1verom- ve\u013ek\u00e1 kapacita atramentu- pogumovan\u00fd \u00fachop<\/p>\n","protected":false},"featured_media":2542,"comment_status":"open","ping_status":"closed","template":"","meta":{"ocean_post_layout":"","ocean_both_sidebars_style":"","ocean_both_sidebars_content_width":0,"ocean_both_sidebars_sidebars_width":0,"ocean_sidebar":"","ocean_second_sidebar":"","ocean_disable_margins":"enable","ocean_add_body_class":"","ocean_shortcode_before_top_bar":"","ocean_shortcode_after_top_bar":"","ocean_shortcode_before_header":"","ocean_shortcode_after_header":"","ocean_has_shortcode":"","ocean_shortcode_after_title":"","ocean_shortcode_before_footer_widgets":"","ocean_shortcode_after_footer_widgets":"","ocean_shortcode_before_footer_bottom":"","ocean_shortcode_after_footer_bottom":"","ocean_display_top_bar":"default","ocean_display_header":"default","ocean_header_style":"","ocean_center_header_left_menu":"","ocean_custom_header_template":"","ocean_custom_logo":0,"ocean_custom_retina_logo":0,"ocean_custom_logo_max_width":0,"ocean_custom_logo_tablet_max_width":0,"ocean_custom_logo_mobile_max_width":0,"ocean_custom_logo_max_height":0,"ocean_custom_logo_tablet_max_height":0,"ocean_custom_logo_mobile_max_height":0,"ocean_header_custom_menu":"","ocean_menu_typo_font_family":"","ocean_menu_typo_font_subset":"","ocean_menu_typo_font_size":0,"ocean_menu_typo_font_size_tablet":0,"ocean_menu_typo_font_size_mobile":0,"ocean_menu_typo_font_size_unit":"px","ocean_menu_typo_font_weight":"","ocean_menu_typo_font_weight_tablet":"","ocean_menu_typo_font_weight_mobile":"","ocean_menu_typo_transform":"","ocean_menu_typo_transform_tablet":"","ocean_menu_typo_transform_mobile":"","ocean_menu_typo_line_height":0,"ocean_menu_typo_line_height_tablet":0,"ocean_menu_typo_line_height_mobile":0,"ocean_menu_typo_line_height_unit":"","ocean_menu_typo_spacing":0,"ocean_menu_typo_spacing_tablet":0,"ocean_menu_typo_spacing_mobile":0,"ocean_menu_typo_spacing_unit":"","ocean_menu_link_color":"","ocean_menu_link_color_hover":"","ocean_menu_link_color_active":"","ocean_menu_link_background":"","ocean_menu_link_hover_background":"","ocean_menu_link_active_background":"","ocean_menu_social_links_bg":"","ocean_menu_social_hover_links_bg":"","ocean_menu_social_links_color":"","ocean_menu_social_hover_links_color":"","ocean_disable_title":"default","ocean_disable_heading":"default","ocean_post_title":"","ocean_post_subheading":"","ocean_post_title_style":"","ocean_post_title_background_color":"","ocean_post_title_background":0,"ocean_post_title_bg_image_position":"","ocean_post_title_bg_image_attachment":"","ocean_post_title_bg_image_repeat":"","ocean_post_title_bg_image_size":"","ocean_post_title_height":0,"ocean_post_title_bg_overlay":0.5,"ocean_post_title_bg_overlay_color":"","ocean_disable_breadcrumbs":"default","ocean_breadcrumbs_color":"","ocean_breadcrumbs_separator_color":"","ocean_breadcrumbs_links_color":"","ocean_breadcrumbs_links_hover_color":"","ocean_display_footer_widgets":"default","ocean_display_footer_bottom":"default","ocean_custom_footer_template":""},"product_cat":[100],"product_tag":[],"class_list":{"0":"post-2541","1":"product","2":"type-product","3":"status-publish","4":"has-post-thumbnail","6":"product_cat-gelove-pera","8":"entry","9":"has-media","11":"first","12":"instock","13":"taxable","14":"shipping-taxable","15":"purchasable","16":"product-type-simple","17":"has-product-nav","18":"col","19":"span_1_of_3","20":"owp-content-center","21":"owp-thumbs-layout-horizontal","22":"owp-btn-normal","23":"owp-tabs-layout-horizontal","24":"has-no-thumbnails"},"yoast_head":"<!-- This site is optimized with the Yoast SEO plugin v25.6 - https:\/\/yoast.com\/wordpress\/plugins\/seo\/ -->\n<title>G\u00e9lov\u00e9 pero 10 farieb METALLIC, LUMA - PROTEXT<\/title>\n<meta name=\"robots\" content=\"index, follow, max-snippet:-1, max-image-preview:large, max-video-preview:-1\" \/>\n<link rel=\"canonical\" href=\"https:\/\/www.tvprotext.sk\/?product=gelove-pero-10-farieb-metallic-luma\" \/>\n<meta property=\"og:locale\" content=\"sk_SK\" \/>\n<meta property=\"og:type\" content=\"article\" \/>\n<meta property=\"og:title\" content=\"G\u00e9lov\u00e9 pero 10 farieb METALLIC, LUMA - PROTEXT\" \/>\n<meta property=\"og:description\" content=\"- hladk\u00e9 p\u00edsanie- METALLIC g\u00e9lov\u00e1 n\u00e1pl\u0148- \u0161\u00edrka stopy 0,5 mm- netoxick\u00e9- prieh\u013eadn\u00e9 telo s uz\u00e1verom- ve\u013ek\u00e1 kapacita atramentu- pogumovan\u00fd \u00fachop\" \/>\n<meta property=\"og:url\" content=\"https:\/\/www.tvprotext.sk\/?product=gelove-pero-10-farieb-metallic-luma\" \/>\n<meta property=\"og:site_name\" content=\"PROTEXT\" \/>\n<meta property=\"article:modified_time\" content=\"2024-10-04T23:16:21+00:00\" \/>\n<meta property=\"og:image\" content=\"https:\/\/www.tvprotext.sk\/wp-content\/uploads\/2023\/03\/A105501.jpg\" \/>\n\t<meta property=\"og:image:width\" content=\"700\" \/>\n\t<meta property=\"og:image:height\" content=\"603\" \/>\n\t<meta property=\"og:image:type\" content=\"image\/jpeg\" \/>\n<meta name=\"twitter:card\" content=\"summary_large_image\" \/>\n<script type=\"application\/ld+json\" class=\"yoast-schema-graph\">{\"@context\":\"https:\/\/schema.org\",\"@graph\":[{\"@type\":\"WebPage\",\"@id\":\"https:\/\/www.tvprotext.sk\/?product=gelove-pero-10-farieb-metallic-luma\",\"url\":\"https:\/\/www.tvprotext.sk\/?product=gelove-pero-10-farieb-metallic-luma\",\"name\":\"G\u00e9lov\u00e9 pero 10 farieb METALLIC, LUMA - PROTEXT\",\"isPartOf\":{\"@id\":\"https:\/\/www.tvprotext.sk\/#website\"},\"primaryImageOfPage\":{\"@id\":\"https:\/\/www.tvprotext.sk\/?product=gelove-pero-10-farieb-metallic-luma#primaryimage\"},\"image\":{\"@id\":\"https:\/\/www.tvprotext.sk\/?product=gelove-pero-10-farieb-metallic-luma#primaryimage\"},\"thumbnailUrl\":\"https:\/\/www.tvprotext.sk\/wp-content\/uploads\/2023\/03\/A105501.jpg\",\"datePublished\":\"2023-03-27T12:33:41+00:00\",\"dateModified\":\"2024-10-04T23:16:21+00:00\",\"breadcrumb\":{\"@id\":\"https:\/\/www.tvprotext.sk\/?product=gelove-pero-10-farieb-metallic-luma#breadcrumb\"},\"inLanguage\":\"sk-SK\",\"potentialAction\":[{\"@type\":\"ReadAction\",\"target\":[\"https:\/\/www.tvprotext.sk\/?product=gelove-pero-10-farieb-metallic-luma\"]}]},{\"@type\":\"ImageObject\",\"inLanguage\":\"sk-SK\",\"@id\":\"https:\/\/www.tvprotext.sk\/?product=gelove-pero-10-farieb-metallic-luma#primaryimage\",\"url\":\"https:\/\/www.tvprotext.sk\/wp-content\/uploads\/2023\/03\/A105501.jpg\",\"contentUrl\":\"https:\/\/www.tvprotext.sk\/wp-content\/uploads\/2023\/03\/A105501.jpg\",\"width\":700,\"height\":603},{\"@type\":\"BreadcrumbList\",\"@id\":\"https:\/\/www.tvprotext.sk\/?product=gelove-pero-10-farieb-metallic-luma#breadcrumb\",\"itemListElement\":[{\"@type\":\"ListItem\",\"position\":1,\"name\":\"Home\",\"item\":\"https:\/\/www.tvprotext.sk\/\"},{\"@type\":\"ListItem\",\"position\":2,\"name\":\"Shop\",\"item\":\"https:\/\/www.tvprotext.sk\/?page_id=1035\"},{\"@type\":\"ListItem\",\"position\":3,\"name\":\"G\u00e9lov\u00e9 pero 10 farieb METALLIC, LUMA\"}]},{\"@type\":\"WebSite\",\"@id\":\"https:\/\/www.tvprotext.sk\/#website\",\"url\":\"https:\/\/www.tvprotext.sk\/\",\"name\":\"PROTEXT\",\"description\":\"Farby, laky papiernictvo\",\"potentialAction\":[{\"@type\":\"SearchAction\",\"target\":{\"@type\":\"EntryPoint\",\"urlTemplate\":\"https:\/\/www.tvprotext.sk\/?s={search_term_string}\"},\"query-input\":{\"@type\":\"PropertyValueSpecification\",\"valueRequired\":true,\"valueName\":\"search_term_string\"}}],\"inLanguage\":\"sk-SK\"}]}<\/script>\n<!-- \/ Yoast SEO plugin. -->","yoast_head_json":{"title":"G\u00e9lov\u00e9 pero 10 farieb METALLIC, LUMA - PROTEXT","robots":{"index":"index","follow":"follow","max-snippet":"max-snippet:-1","max-image-preview":"max-image-preview:large","max-video-preview":"max-video-preview:-1"},"canonical":"https:\/\/www.tvprotext.sk\/?product=gelove-pero-10-farieb-metallic-luma","og_locale":"sk_SK","og_type":"article","og_title":"G\u00e9lov\u00e9 pero 10 farieb METALLIC, LUMA - PROTEXT","og_description":"- hladk\u00e9 p\u00edsanie- METALLIC g\u00e9lov\u00e1 n\u00e1pl\u0148- \u0161\u00edrka stopy 0,5 mm- netoxick\u00e9- prieh\u013eadn\u00e9 telo s uz\u00e1verom- ve\u013ek\u00e1 kapacita atramentu- pogumovan\u00fd \u00fachop","og_url":"https:\/\/www.tvprotext.sk\/?product=gelove-pero-10-farieb-metallic-luma","og_site_name":"PROTEXT","article_modified_time":"2024-10-04T23:16:21+00:00","og_image":[{"width":700,"height":603,"url":"https:\/\/www.tvprotext.sk\/wp-content\/uploads\/2023\/03\/A105501.jpg","type":"image\/jpeg"}],"twitter_card":"summary_large_image","schema":{"@context":"https:\/\/schema.org","@graph":[{"@type":"WebPage","@id":"https:\/\/www.tvprotext.sk\/?product=gelove-pero-10-farieb-metallic-luma","url":"https:\/\/www.tvprotext.sk\/?product=gelove-pero-10-farieb-metallic-luma","name":"G\u00e9lov\u00e9 pero 10 farieb METALLIC, LUMA - PROTEXT","isPartOf":{"@id":"https:\/\/www.tvprotext.sk\/#website"},"primaryImageOfPage":{"@id":"https:\/\/www.tvprotext.sk\/?product=gelove-pero-10-farieb-metallic-luma#primaryimage"},"image":{"@id":"https:\/\/www.tvprotext.sk\/?product=gelove-pero-10-farieb-metallic-luma#primaryimage"},"thumbnailUrl":"https:\/\/www.tvprotext.sk\/wp-content\/uploads\/2023\/03\/A105501.jpg","datePublished":"2023-03-27T12:33:41+00:00","dateModified":"2024-10-04T23:16:21+00:00","breadcrumb":{"@id":"https:\/\/www.tvprotext.sk\/?product=gelove-pero-10-farieb-metallic-luma#breadcrumb"},"inLanguage":"sk-SK","potentialAction":[{"@type":"ReadAction","target":["https:\/\/www.tvprotext.sk\/?product=gelove-pero-10-farieb-metallic-luma"]}]},{"@type":"ImageObject","inLanguage":"sk-SK","@id":"https:\/\/www.tvprotext.sk\/?product=gelove-pero-10-farieb-metallic-luma#primaryimage","url":"https:\/\/www.tvprotext.sk\/wp-content\/uploads\/2023\/03\/A105501.jpg","contentUrl":"https:\/\/www.tvprotext.sk\/wp-content\/uploads\/2023\/03\/A105501.jpg","width":700,"height":603},{"@type":"BreadcrumbList","@id":"https:\/\/www.tvprotext.sk\/?product=gelove-pero-10-farieb-metallic-luma#breadcrumb","itemListElement":[{"@type":"ListItem","position":1,"name":"Home","item":"https:\/\/www.tvprotext.sk\/"},{"@type":"ListItem","position":2,"name":"Shop","item":"https:\/\/www.tvprotext.sk\/?page_id=1035"},{"@type":"ListItem","position":3,"name":"G\u00e9lov\u00e9 pero 10 farieb METALLIC, LUMA"}]},{"@type":"WebSite","@id":"https:\/\/www.tvprotext.sk\/#website","url":"https:\/\/www.tvprotext.sk\/","name":"PROTEXT","description":"Farby, laky papiernictvo","potentialAction":[{"@type":"SearchAction","target":{"@type":"EntryPoint","urlTemplate":"https:\/\/www.tvprotext.sk\/?s={search_term_string}"},"query-input":{"@type":"PropertyValueSpecification","valueRequired":true,"valueName":"search_term_string"}}],"inLanguage":"sk-SK"}]}},"jetpack_sharing_enabled":true,"_links":{"self":[{"href":"https:\/\/www.tvprotext.sk\/index.php?rest_route=\/wp\/v2\/product\/2541"}],"collection":[{"href":"https:\/\/www.tvprotext.sk\/index.php?rest_route=\/wp\/v2\/product"}],"about":[{"href":"https:\/\/www.tvprotext.sk\/index.php?rest_route=\/wp\/v2\/types\/product"}],"replies":[{"embeddable":true,"href":"https:\/\/www.tvprotext.sk\/index.php?rest_route=%2Fwp%2Fv2%2Fcomments&post=2541"}],"wp:featuredmedia":[{"embeddable":true,"href":"https:\/\/www.tvprotext.sk\/index.php?rest_route=\/wp\/v2\/media\/2542"}],"wp:attachment":[{"href":"https:\/\/www.tvprotext.sk\/index.php?rest_route=%2Fwp%2Fv2%2Fmedia&parent=2541"}],"wp:term":[{"taxonomy":"product_cat","embeddable":true,"href":"https:\/\/www.tvprotext.sk\/index.php?rest_route=%2Fwp%2Fv2%2Fproduct_cat&post=2541"},{"taxonomy":"product_tag","embeddable":true,"href":"https:\/\/www.tvprotext.sk\/index.php?rest_route=%2Fwp%2Fv2%2Fproduct_tag&post=2541"}],"curies":[{"name":"wp","href":"https:\/\/api.w.org\/{rel}","templated":true}]}}