{"id":298,"date":"2016-04-11T20:05:57","date_gmt":"2016-04-11T18:05:57","guid":{"rendered":"https:\/\/oceanwp.org\/store\/?page_id=298"},"modified":"2023-06-13T17:11:02","modified_gmt":"2023-06-13T15:11:02","slug":"contact-us","status":"publish","type":"page","link":"https:\/\/www.tvprotext.sk\/?page_id=298","title":{"rendered":"Kontaktujte n\u00e1s"},"content":{"rendered":"\t\t<div data-elementor-type=\"wp-post\" data-elementor-id=\"298\" class=\"elementor elementor-298\">\n\t\t\t\t\t\t<section class=\"elementor-section elementor-top-section elementor-element elementor-element-h7lkucv elementor-section-boxed elementor-section-height-default elementor-section-height-default\" data-id=\"h7lkucv\" data-element_type=\"section\">\n\t\t\t\t\t\t<div class=\"elementor-container elementor-column-gap-default\">\n\t\t\t\t\t<div class=\"elementor-column elementor-col-50 elementor-top-column elementor-element elementor-element-1df1ff8\" data-id=\"1df1ff8\" data-element_type=\"column\">\n\t\t\t<div class=\"elementor-widget-wrap elementor-element-populated\">\n\t\t\t\t\t\t<div class=\"elementor-element elementor-element-7abc36d elementor-widget elementor-widget-image\" data-id=\"7abc36d\" data-element_type=\"widget\" data-widget_type=\"image.default\">\n\t\t\t\t<div class=\"elementor-widget-container\">\n\t\t\t\t\t\t\t\t\t\t\t\t\t<img fetchpriority=\"high\" decoding=\"async\" width=\"1024\" height=\"768\" src=\"https:\/\/www.tvprotext.sk\/wp-content\/uploads\/2023\/04\/IMG_20201215_112837-1024x768.jpg\" class=\"attachment-large size-large wp-image-3946\" alt=\"\" srcset=\"https:\/\/www.tvprotext.sk\/wp-content\/uploads\/2023\/04\/IMG_20201215_112837-1024x768.jpg 1024w, https:\/\/www.tvprotext.sk\/wp-content\/uploads\/2023\/04\/IMG_20201215_112837-265x199.jpg 265w, https:\/\/www.tvprotext.sk\/wp-content\/uploads\/2023\/04\/IMG_20201215_112837-504x378.jpg 504w, https:\/\/www.tvprotext.sk\/wp-content\/uploads\/2023\/04\/IMG_20201215_112837-300x225.jpg 300w, https:\/\/www.tvprotext.sk\/wp-content\/uploads\/2023\/04\/IMG_20201215_112837-768x576.jpg 768w, https:\/\/www.tvprotext.sk\/wp-content\/uploads\/2023\/04\/IMG_20201215_112837.jpg 1360w\" sizes=\"(max-width: 1024px) 100vw, 1024px\" \/>\t\t\t\t\t\t\t\t\t\t\t\t\t<\/div>\n\t\t\t\t<\/div>\n\t\t\t\t\t<\/div>\n\t\t<\/div>\n\t\t\t\t<div class=\"elementor-column elementor-col-50 elementor-top-column elementor-element elementor-element-13d9ngd\" data-id=\"13d9ngd\" data-element_type=\"column\">\n\t\t\t<div class=\"elementor-widget-wrap elementor-element-populated\">\n\t\t\t\t\t\t<div class=\"elementor-element elementor-element-28142d9 elementor-widget elementor-widget-text-editor\" data-id=\"28142d9\" data-element_type=\"widget\" data-widget_type=\"text-editor.default\">\n\t\t\t\t<div class=\"elementor-widget-container\">\n\t\t\t\t\t\t\t<h2><span style=\"color: #202124; font-family: 'Google Sans', arial, sans-serif; font-size: 24px; font-style: normal; font-variant-ligatures: normal; font-variant-caps: normal; font-weight: 400;\">PROTEXT KANCEL\u00c1RSKE A \u0160KOLSK\u00c9 POTREBY<\/span><\/h2><div><div><div><div><strong>Mobil: +421 948 984 322<\/strong><\/div><\/div><div>\u00a0<\/div><\/div><\/div><div><div><strong>Ing. Bibiana Hreha Bakytov\u00e1\u00a0 PROTEXT<\/strong><br \/><strong>\u010csl.Arm\u00e1dy 2336\/6,<\/strong><br \/><strong>075 01\u00a0\u00a0Trebi\u0161ov<\/strong><\/div><\/div>\t\t\t\t\t\t<\/div>\n\t\t\t\t<\/div>\n\t\t\t\t\t<\/div>\n\t\t<\/div>\n\t\t\t\t\t<\/div>\n\t\t<\/section>\n\t\t\t\t<section class=\"elementor-section elementor-top-section elementor-element elementor-element-aac9d3d elementor-section-boxed elementor-section-height-default elementor-section-height-default\" data-id=\"aac9d3d\" data-element_type=\"section\">\n\t\t\t\t\t\t<div class=\"elementor-container elementor-column-gap-default\">\n\t\t\t\t\t<div class=\"elementor-column elementor-col-100 elementor-top-column elementor-element elementor-element-c77d728\" data-id=\"c77d728\" data-element_type=\"column\">\n\t\t\t<div class=\"elementor-widget-wrap elementor-element-populated\">\n\t\t\t\t\t\t<div class=\"elementor-element elementor-element-43e1709 elementor-widget-divider--view-line elementor-widget elementor-widget-divider\" data-id=\"43e1709\" data-element_type=\"widget\" data-widget_type=\"divider.default\">\n\t\t\t\t<div class=\"elementor-widget-container\">\n\t\t\t\t\t<div class=\"elementor-divider\">\n\t\t\t<span class=\"elementor-divider-separator\">\n\t\t\t\t\t\t<\/span>\n\t\t<\/div>\n\t\t\t\t<\/div>\n\t\t\t\t<\/div>\n\t\t\t\t\t<\/div>\n\t\t<\/div>\n\t\t\t\t\t<\/div>\n\t\t<\/section>\n\t\t\t\t<section class=\"elementor-section elementor-top-section elementor-element elementor-element-83b4507 elementor-section-boxed elementor-section-height-default elementor-section-height-default\" data-id=\"83b4507\" data-element_type=\"section\">\n\t\t\t\t\t\t<div class=\"elementor-container elementor-column-gap-default\">\n\t\t\t\t\t<div class=\"elementor-column elementor-col-50 elementor-top-column elementor-element elementor-element-d2e8d51\" data-id=\"d2e8d51\" data-element_type=\"column\">\n\t\t\t<div class=\"elementor-widget-wrap elementor-element-populated\">\n\t\t\t\t\t\t<div class=\"elementor-element elementor-element-4873db6 elementor-widget elementor-widget-image\" data-id=\"4873db6\" data-element_type=\"widget\" data-widget_type=\"image.default\">\n\t\t\t\t<div class=\"elementor-widget-container\">\n\t\t\t\t\t\t\t\t\t\t\t\t\t<img decoding=\"async\" width=\"960\" height=\"540\" src=\"https:\/\/www.tvprotext.sk\/wp-content\/uploads\/2023\/06\/point_7367_f03c290df07d.jpg\" class=\"attachment-large size-large wp-image-3980\" alt=\"\" srcset=\"https:\/\/www.tvprotext.sk\/wp-content\/uploads\/2023\/06\/point_7367_f03c290df07d.jpg 960w, https:\/\/www.tvprotext.sk\/wp-content\/uploads\/2023\/06\/point_7367_f03c290df07d-300x169.jpg 300w, https:\/\/www.tvprotext.sk\/wp-content\/uploads\/2023\/06\/point_7367_f03c290df07d-768x432.jpg 768w, https:\/\/www.tvprotext.sk\/wp-content\/uploads\/2023\/06\/point_7367_f03c290df07d-800x450.jpg 800w, https:\/\/www.tvprotext.sk\/wp-content\/uploads\/2023\/06\/point_7367_f03c290df07d-265x149.jpg 265w, https:\/\/www.tvprotext.sk\/wp-content\/uploads\/2023\/06\/point_7367_f03c290df07d-504x284.jpg 504w\" sizes=\"(max-width: 960px) 100vw, 960px\" \/>\t\t\t\t\t\t\t\t\t\t\t\t\t<\/div>\n\t\t\t\t<\/div>\n\t\t\t\t\t<\/div>\n\t\t<\/div>\n\t\t\t\t<div class=\"elementor-column elementor-col-50 elementor-top-column elementor-element elementor-element-9623421\" data-id=\"9623421\" data-element_type=\"column\">\n\t\t\t<div class=\"elementor-widget-wrap elementor-element-populated\">\n\t\t\t\t\t\t<div class=\"elementor-element elementor-element-e7fc427 elementor-widget elementor-widget-text-editor\" data-id=\"e7fc427\" data-element_type=\"widget\" data-widget_type=\"text-editor.default\">\n\t\t\t\t<div class=\"elementor-widget-container\">\n\t\t\t\t\t\t\t<h2><span style=\"color: #202124; font-family: 'Google Sans', arial, sans-serif; font-size: 30px; font-style: normal; font-variant-ligatures: normal; font-variant-caps: normal; font-weight: 400;\">Color PROTEXT<\/span><\/h2><div><div><div><div><strong>Mobil: +421 948 248 081<\/strong><\/div><\/div><div>\u00a0<\/div><\/div><\/div><div><div><strong>Ing. Bibiana Hreha Bakytov\u00e1\u00a0 PROTEXT<\/strong><br \/><strong>\u010csl. Arm\u00e1dy 3575\/18,<\/strong><br \/><strong>075 01\u00a0\u00a0Trebi\u0161ov<\/strong><\/div><\/div>\t\t\t\t\t\t<\/div>\n\t\t\t\t<\/div>\n\t\t\t\t\t<\/div>\n\t\t<\/div>\n\t\t\t\t\t<\/div>\n\t\t<\/section>\n\t\t\t\t<\/div>\n\t\t","protected":false},"excerpt":{"rendered":"<p>PROTEXT KANCEL\u00c1RSKE A \u0160KOLSK\u00c9 POTREBY Mobil: +421 948 984 322\u00a0Ing. Bibiana Hreha Bakytov\u00e1\u00a0 PROTEXT\u010csl.Arm\u00e1dy 2336\/6,075 01\u00a0\u00a0Trebi\u0161ov Color PROTEXT Mobil: +421 948 248 081\u00a0Ing. Bibiana Hreha Bakytov\u00e1\u00a0 PROTEXT\u010csl. Arm\u00e1dy 3575\/18,075 01\u00a0\u00a0Trebi\u0161ov<\/p>\n","protected":false},"author":1,"featured_media":0,"parent":0,"menu_order":0,"comment_status":"closed","ping_status":"closed","template":"","meta":{"ocean_post_layout":"full-width","ocean_both_sidebars_style":"","ocean_both_sidebars_content_width":0,"ocean_both_sidebars_sidebars_width":0,"ocean_sidebar":"","ocean_second_sidebar":"","ocean_disable_margins":"on","ocean_add_body_class":"","ocean_shortcode_before_top_bar":"","ocean_shortcode_after_top_bar":"","ocean_shortcode_before_header":"","ocean_shortcode_after_header":"","ocean_has_shortcode":"","ocean_shortcode_after_title":"","ocean_shortcode_before_footer_widgets":"","ocean_shortcode_after_footer_widgets":"","ocean_shortcode_before_footer_bottom":"","ocean_shortcode_after_footer_bottom":"","ocean_display_top_bar":"default","ocean_display_header":"default","ocean_header_style":"","ocean_center_header_left_menu":"","ocean_custom_header_template":"","ocean_custom_logo":0,"ocean_custom_retina_logo":0,"ocean_custom_logo_max_width":0,"ocean_custom_logo_tablet_max_width":0,"ocean_custom_logo_mobile_max_width":0,"ocean_custom_logo_max_height":0,"ocean_custom_logo_tablet_max_height":0,"ocean_custom_logo_mobile_max_height":0,"ocean_header_custom_menu":"","ocean_menu_typo_font_family":"","ocean_menu_typo_font_subset":"","ocean_menu_typo_font_size":0,"ocean_menu_typo_font_size_tablet":0,"ocean_menu_typo_font_size_mobile":0,"ocean_menu_typo_font_size_unit":"px","ocean_menu_typo_font_weight":"","ocean_menu_typo_font_weight_tablet":"","ocean_menu_typo_font_weight_mobile":"","ocean_menu_typo_transform":"","ocean_menu_typo_transform_tablet":"","ocean_menu_typo_transform_mobile":"","ocean_menu_typo_line_height":0,"ocean_menu_typo_line_height_tablet":0,"ocean_menu_typo_line_height_mobile":0,"ocean_menu_typo_line_height_unit":"","ocean_menu_typo_spacing":0,"ocean_menu_typo_spacing_tablet":0,"ocean_menu_typo_spacing_mobile":0,"ocean_menu_typo_spacing_unit":"","ocean_menu_link_color":"","ocean_menu_link_color_hover":"","ocean_menu_link_color_active":"","ocean_menu_link_background":"","ocean_menu_link_hover_background":"","ocean_menu_link_active_background":"","ocean_menu_social_links_bg":"","ocean_menu_social_hover_links_bg":"","ocean_menu_social_links_color":"","ocean_menu_social_hover_links_color":"","ocean_disable_title":"default","ocean_disable_heading":"default","ocean_post_title":"","ocean_post_subheading":"","ocean_post_title_style":"","ocean_post_title_background_color":"","ocean_post_title_background":0,"ocean_post_title_bg_image_position":"","ocean_post_title_bg_image_attachment":"","ocean_post_title_bg_image_repeat":"","ocean_post_title_bg_image_size":"","ocean_post_title_height":0,"ocean_post_title_bg_overlay":0.5,"ocean_post_title_bg_overlay_color":"","ocean_disable_breadcrumbs":"default","ocean_breadcrumbs_color":"","ocean_breadcrumbs_separator_color":"","ocean_breadcrumbs_links_color":"","ocean_breadcrumbs_links_hover_color":"","ocean_display_footer_widgets":"default","ocean_display_footer_bottom":"default","ocean_custom_footer_template":"","footnotes":""},"class_list":["post-298","page","type-page","status-publish","hentry","entry","owp-thumbs-layout-horizontal","owp-btn-normal","owp-tabs-layout-horizontal","has-no-thumbnails","has-product-nav"],"yoast_head":"<!-- This site is optimized with the Yoast SEO plugin v25.6 - https:\/\/yoast.com\/wordpress\/plugins\/seo\/ -->\n<title>Kontaktujte n\u00e1s - PROTEXT<\/title>\n<meta name=\"robots\" content=\"index, follow, max-snippet:-1, max-image-preview:large, max-video-preview:-1\" \/>\n<link rel=\"canonical\" href=\"https:\/\/www.tvprotext.sk\/?page_id=298\" \/>\n<meta property=\"og:locale\" content=\"sk_SK\" \/>\n<meta property=\"og:type\" content=\"article\" \/>\n<meta property=\"og:title\" content=\"Kontaktujte n\u00e1s - PROTEXT\" \/>\n<meta property=\"og:description\" content=\"PROTEXT KANCEL\u00c1RSKE A \u0160KOLSK\u00c9 POTREBY Mobil: +421 948 984 322\u00a0Ing. Bibiana Hreha Bakytov\u00e1\u00a0 PROTEXT\u010csl.Arm\u00e1dy 2336\/6,075 01\u00a0\u00a0Trebi\u0161ov Color PROTEXT Mobil: +421 948 248 081\u00a0Ing. Bibiana Hreha Bakytov\u00e1\u00a0 PROTEXT\u010csl. Arm\u00e1dy 3575\/18,075 01\u00a0\u00a0Trebi\u0161ov\" \/>\n<meta property=\"og:url\" content=\"https:\/\/www.tvprotext.sk\/?page_id=298\" \/>\n<meta property=\"og:site_name\" content=\"PROTEXT\" \/>\n<meta property=\"article:modified_time\" content=\"2023-06-13T15:11:02+00:00\" \/>\n<meta property=\"og:image\" content=\"https:\/\/www.tvprotext.sk\/wp-content\/uploads\/2023\/04\/IMG_20201215_112837-1024x768.jpg\" \/>\n<meta name=\"twitter:card\" content=\"summary_large_image\" \/>\n<meta name=\"twitter:label1\" content=\"Predpokladan\u00fd \u010das \u010d\u00edtania\" \/>\n\t<meta name=\"twitter:data1\" content=\"1 min\u00fata\" \/>\n<script type=\"application\/ld+json\" class=\"yoast-schema-graph\">{\"@context\":\"https:\/\/schema.org\",\"@graph\":[{\"@type\":\"WebPage\",\"@id\":\"https:\/\/www.tvprotext.sk\/?page_id=298\",\"url\":\"https:\/\/www.tvprotext.sk\/?page_id=298\",\"name\":\"Kontaktujte n\u00e1s - PROTEXT\",\"isPartOf\":{\"@id\":\"https:\/\/www.tvprotext.sk\/#website\"},\"primaryImageOfPage\":{\"@id\":\"https:\/\/www.tvprotext.sk\/?page_id=298#primaryimage\"},\"image\":{\"@id\":\"https:\/\/www.tvprotext.sk\/?page_id=298#primaryimage\"},\"thumbnailUrl\":\"https:\/\/www.tvprotext.sk\/wp-content\/uploads\/2023\/04\/IMG_20201215_112837-1024x768.jpg\",\"datePublished\":\"2016-04-11T18:05:57+00:00\",\"dateModified\":\"2023-06-13T15:11:02+00:00\",\"breadcrumb\":{\"@id\":\"https:\/\/www.tvprotext.sk\/?page_id=298#breadcrumb\"},\"inLanguage\":\"sk-SK\",\"potentialAction\":[{\"@type\":\"ReadAction\",\"target\":[\"https:\/\/www.tvprotext.sk\/?page_id=298\"]}]},{\"@type\":\"ImageObject\",\"inLanguage\":\"sk-SK\",\"@id\":\"https:\/\/www.tvprotext.sk\/?page_id=298#primaryimage\",\"url\":\"https:\/\/www.tvprotext.sk\/wp-content\/uploads\/2023\/04\/IMG_20201215_112837.jpg\",\"contentUrl\":\"https:\/\/www.tvprotext.sk\/wp-content\/uploads\/2023\/04\/IMG_20201215_112837.jpg\",\"width\":1360,\"height\":1020},{\"@type\":\"BreadcrumbList\",\"@id\":\"https:\/\/www.tvprotext.sk\/?page_id=298#breadcrumb\",\"itemListElement\":[{\"@type\":\"ListItem\",\"position\":1,\"name\":\"Home\",\"item\":\"https:\/\/www.tvprotext.sk\/\"},{\"@type\":\"ListItem\",\"position\":2,\"name\":\"Kontaktujte n\u00e1s\"}]},{\"@type\":\"WebSite\",\"@id\":\"https:\/\/www.tvprotext.sk\/#website\",\"url\":\"https:\/\/www.tvprotext.sk\/\",\"name\":\"PROTEXT\",\"description\":\"Farby, laky papiernictvo\",\"potentialAction\":[{\"@type\":\"SearchAction\",\"target\":{\"@type\":\"EntryPoint\",\"urlTemplate\":\"https:\/\/www.tvprotext.sk\/?s={search_term_string}\"},\"query-input\":{\"@type\":\"PropertyValueSpecification\",\"valueRequired\":true,\"valueName\":\"search_term_string\"}}],\"inLanguage\":\"sk-SK\"}]}<\/script>\n<!-- \/ Yoast SEO plugin. -->","yoast_head_json":{"title":"Kontaktujte n\u00e1s - PROTEXT","robots":{"index":"index","follow":"follow","max-snippet":"max-snippet:-1","max-image-preview":"max-image-preview:large","max-video-preview":"max-video-preview:-1"},"canonical":"https:\/\/www.tvprotext.sk\/?page_id=298","og_locale":"sk_SK","og_type":"article","og_title":"Kontaktujte n\u00e1s - PROTEXT","og_description":"PROTEXT KANCEL\u00c1RSKE A \u0160KOLSK\u00c9 POTREBY Mobil: +421 948 984 322\u00a0Ing. Bibiana Hreha Bakytov\u00e1\u00a0 PROTEXT\u010csl.Arm\u00e1dy 2336\/6,075 01\u00a0\u00a0Trebi\u0161ov Color PROTEXT Mobil: +421 948 248 081\u00a0Ing. Bibiana Hreha Bakytov\u00e1\u00a0 PROTEXT\u010csl. Arm\u00e1dy 3575\/18,075 01\u00a0\u00a0Trebi\u0161ov","og_url":"https:\/\/www.tvprotext.sk\/?page_id=298","og_site_name":"PROTEXT","article_modified_time":"2023-06-13T15:11:02+00:00","og_image":[{"url":"https:\/\/www.tvprotext.sk\/wp-content\/uploads\/2023\/04\/IMG_20201215_112837-1024x768.jpg","type":"","width":"","height":""}],"twitter_card":"summary_large_image","twitter_misc":{"Predpokladan\u00fd \u010das \u010d\u00edtania":"1 min\u00fata"},"schema":{"@context":"https:\/\/schema.org","@graph":[{"@type":"WebPage","@id":"https:\/\/www.tvprotext.sk\/?page_id=298","url":"https:\/\/www.tvprotext.sk\/?page_id=298","name":"Kontaktujte n\u00e1s - PROTEXT","isPartOf":{"@id":"https:\/\/www.tvprotext.sk\/#website"},"primaryImageOfPage":{"@id":"https:\/\/www.tvprotext.sk\/?page_id=298#primaryimage"},"image":{"@id":"https:\/\/www.tvprotext.sk\/?page_id=298#primaryimage"},"thumbnailUrl":"https:\/\/www.tvprotext.sk\/wp-content\/uploads\/2023\/04\/IMG_20201215_112837-1024x768.jpg","datePublished":"2016-04-11T18:05:57+00:00","dateModified":"2023-06-13T15:11:02+00:00","breadcrumb":{"@id":"https:\/\/www.tvprotext.sk\/?page_id=298#breadcrumb"},"inLanguage":"sk-SK","potentialAction":[{"@type":"ReadAction","target":["https:\/\/www.tvprotext.sk\/?page_id=298"]}]},{"@type":"ImageObject","inLanguage":"sk-SK","@id":"https:\/\/www.tvprotext.sk\/?page_id=298#primaryimage","url":"https:\/\/www.tvprotext.sk\/wp-content\/uploads\/2023\/04\/IMG_20201215_112837.jpg","contentUrl":"https:\/\/www.tvprotext.sk\/wp-content\/uploads\/2023\/04\/IMG_20201215_112837.jpg","width":1360,"height":1020},{"@type":"BreadcrumbList","@id":"https:\/\/www.tvprotext.sk\/?page_id=298#breadcrumb","itemListElement":[{"@type":"ListItem","position":1,"name":"Home","item":"https:\/\/www.tvprotext.sk\/"},{"@type":"ListItem","position":2,"name":"Kontaktujte n\u00e1s"}]},{"@type":"WebSite","@id":"https:\/\/www.tvprotext.sk\/#website","url":"https:\/\/www.tvprotext.sk\/","name":"PROTEXT","description":"Farby, laky papiernictvo","potentialAction":[{"@type":"SearchAction","target":{"@type":"EntryPoint","urlTemplate":"https:\/\/www.tvprotext.sk\/?s={search_term_string}"},"query-input":{"@type":"PropertyValueSpecification","valueRequired":true,"valueName":"search_term_string"}}],"inLanguage":"sk-SK"}]}},"jetpack_sharing_enabled":true,"_links":{"self":[{"href":"https:\/\/www.tvprotext.sk\/index.php?rest_route=\/wp\/v2\/pages\/298"}],"collection":[{"href":"https:\/\/www.tvprotext.sk\/index.php?rest_route=\/wp\/v2\/pages"}],"about":[{"href":"https:\/\/www.tvprotext.sk\/index.php?rest_route=\/wp\/v2\/types\/page"}],"author":[{"embeddable":true,"href":"https:\/\/www.tvprotext.sk\/index.php?rest_route=\/wp\/v2\/users\/1"}],"replies":[{"embeddable":true,"href":"https:\/\/www.tvprotext.sk\/index.php?rest_route=%2Fwp%2Fv2%2Fcomments&post=298"}],"version-history":[{"count":6,"href":"https:\/\/www.tvprotext.sk\/index.php?rest_route=\/wp\/v2\/pages\/298\/revisions"}],"predecessor-version":[{"id":3983,"href":"https:\/\/www.tvprotext.sk\/index.php?rest_route=\/wp\/v2\/pages\/298\/revisions\/3983"}],"wp:attachment":[{"href":"https:\/\/www.tvprotext.sk\/index.php?rest_route=%2Fwp%2Fv2%2Fmedia&parent=298"}],"curies":[{"name":"wp","href":"https:\/\/api.w.org\/{rel}","templated":true}]}}